{"id":3252,"date":"2015-09-15T14:44:51","date_gmt":"2015-09-15T12:44:51","guid":{"rendered":"http:\/\/zito.com.pl\/przetargi\/"},"modified":"2017-10-20T11:16:12","modified_gmt":"2017-10-20T09:16:12","slug":"tenders","status":"publish","type":"page","link":"https:\/\/zito.com.pl\/en\/tenders\/","title":{"rendered":"Tenders"},"content":{"rendered":"<style type=\"text\/css\"> \n#cmsms_row_69e5e8c710e6e8_20469778 .cmsms_row_outer_parent { \n\tpadding-top: 0px; \n} \n\n#cmsms_row_69e5e8c710e6e8_20469778 .cmsms_row_outer_parent { \n\tpadding-bottom: 50px; \n} \n\n \n#cmsms_heading_69e5e8c710f353_51899645 { \n\ttext-align:left; \n\tmargin-top:0px; \n\tmargin-bottom:20px; \n} \n\n#cmsms_heading_69e5e8c710f353_51899645 .cmsms_heading { \n\ttext-align:left; \n} \n\n#cmsms_heading_69e5e8c710f353_51899645 .cmsms_heading, #cmsms_heading_69e5e8c710f353_51899645 .cmsms_heading a { \n\tfont-weight:normal; \n\tfont-style:normal; \n} \n\n#cmsms_heading_69e5e8c710f353_51899645 .cmsms_heading_divider { \n} \n\n#post-3298 .cmsms_post_format_img_likes {background-color:#65c5e4;border-color:#65c5e4;}#post-3302 .cmsms_post_format_img_likes {background-color:#65c5e4;border-color:#65c5e4;}#post-3305 .cmsms_post_format_img_likes {background-color:#65c5e4;border-color:#65c5e4;}#post-3308 .cmsms_post_format_img_likes {background-color:#65c5e4;border-color:#65c5e4;}<\/style><div id=\"cmsms_row_69e5e8c710e6e8_20469778\" class=\"cmsms_row cmsms_color_scheme_default\">\n<div class=\"cmsms_row_outer_parent\">\n<div class=\"cmsms_row_outer\">\n<div class=\"cmsms_row_inner\">\n<div class=\"cmsms_row_margin\">\n<div class=\"cmsms_column one_first\">\n\n<div id=\"cmsms_heading_69e5e8c710f353_51899645\" class=\"cmsms_heading_wrap cmsms_heading_align_left\">\n\t<h3 class=\"cmsms_heading\">We invite you to familiarize yourself with the current tenders of Zito Chudy i Wsp\u00f3lnik Sp.J.<\/h3>\n<\/div><div class=\"cmsms_wrap_blog entry-summary\" id=\"blog_69e5e8c710fb52_64151966\" data-meta=\"date,categories,author,comments,likes,more\"><div class=\"blog standard\">\r\n<!--_________________________ Start Standard Article _________________________ -->\r\n\r\n<article id=\"post-3298\" class=\"cmsms_default_type post-3298 post type-post status-publish format-standard hentry category-tenders\">\r\n\t\t\r\n\t<div class=\"cmsms_post_format_img_likes\">\r\n\t\t<span class=\"cmsms_post_format_img  cmsms_theme_icon_pencil\"><\/span>\r\n\t\t\r\n\t\t<div class=\"cmsms_post_meta_info\">\r\n\t\t<a href=\"#\" onclick=\"cmsmsLike(3298); return false;\" id=\"cmsmsLike-3298\" class=\"cmsmsLike cmsms_theme_icon_like\"><span>0<\/span><\/a>\t\t<\/div>\r\n\t<\/div>\r\n\t\r\n\t<div class=\"cmsms_post_cont_wrap\">\r\n\t\t\t\t\r\n\t\t<div class=\"cmsms_post_cont\">\r\n\t\t\t<div class=\"cmsms_post_info\"><abbr class=\"published cmsms_post_date\" title=\"16 August 2016\">16 August 2016<\/abbr><abbr class=\"dn date updated\" title=\"28 October 2017\">28 October 2017<\/abbr><\/div><header class=\"cmsms_post_header entry-header\"><h1 class=\"cmsms_post_title entry-title\"><a href=\"https:\/\/zito.com.pl\/en\/przetargi-sierpien\/\">Tenders in August<\/a><\/h1><\/header><footer class=\"cmsms_post_footer entry-meta\"><div class=\"cmsms_post_cont_info\"><span class=\"cmsms_post_user_name\">By <a href=\"https:\/\/zito.com.pl\/en\/author\/daniel\/\" title=\"Posts by daniel\" class=\"vcard author\" rel=\"author\"><span class=\"fn\">daniel<\/span><\/a><\/span><span class=\"cmsms_post_category\">In <a href=\"https:\/\/zito.com.pl\/en\/category\/tenders\/\" rel=\"category tag\">Tenders<\/a><\/span><\/div><\/footer><div class=\"cmsms_post_content entry-content\">\n<p>Attachments: notice ZO-06-06 notice ZO-07-06 notice ZO-08-06 zapytanie opracowanie dokumentacji zapytanie formy do wtryskarki zapytanie wynajem laboratoium<\/p>\n<\/div>\n<a class=\"button cmsms_post_read_more\" href=\"https:\/\/zito.com.pl\/en\/przetargi-sierpien\/\">Read More<span><\/span><\/a>\t\t<\/div>\r\n\t<\/div>\r\n<\/article>\r\n<!--_________________________ Finish Standard Article _________________________ -->\r\n\r\n\r\n<!--_________________________ Start Standard Article _________________________ -->\r\n\r\n<article id=\"post-3302\" class=\"cmsms_default_type post-3302 post type-post status-publish format-standard hentry category-tenders\">\r\n\t\t\r\n\t<div class=\"cmsms_post_format_img_likes\">\r\n\t\t<span class=\"cmsms_post_format_img  cmsms_theme_icon_pencil\"><\/span>\r\n\t\t\r\n\t\t<div class=\"cmsms_post_meta_info\">\r\n\t\t<a href=\"#\" onclick=\"cmsmsLike(3302); return false;\" id=\"cmsmsLike-3302\" class=\"cmsmsLike cmsms_theme_icon_like\"><span>1<\/span><\/a>\t\t<\/div>\r\n\t<\/div>\r\n\t\r\n\t<div class=\"cmsms_post_cont_wrap\">\r\n\t\t\t\t\r\n\t\t<div class=\"cmsms_post_cont\">\r\n\t\t\t<div class=\"cmsms_post_info\"><abbr class=\"published cmsms_post_date\" title=\"26 July 2016\">26 July 2016<\/abbr><abbr class=\"dn date updated\" title=\"21 October 2017\">21 October 2017<\/abbr><\/div><header class=\"cmsms_post_header entry-header\"><h1 class=\"cmsms_post_title entry-title\"><a href=\"https:\/\/zito.com.pl\/en\/przedluzone-terminy-przetargow-2\/\">Extended deadlines for tenders II<\/a><\/h1><\/header><footer class=\"cmsms_post_footer entry-meta\"><div class=\"cmsms_post_cont_info\"><span class=\"cmsms_post_user_name\">By <a href=\"https:\/\/zito.com.pl\/en\/author\/daniel\/\" title=\"Posts by daniel\" class=\"vcard author\" rel=\"author\"><span class=\"fn\">daniel<\/span><\/a><\/span><span class=\"cmsms_post_category\">In <a href=\"https:\/\/zito.com.pl\/en\/category\/tenders\/\" rel=\"category tag\">Tenders<\/a><\/span><\/div><\/footer><div class=\"cmsms_post_content entry-content\">\n<p>We invite you to familiarize yourself with the extended deadlines for tenders. notice ZO-01-06 wyd\u0142u\u017cona data2 notice ZO-02-06 wyd\u0142u\u017cona data2...<\/p>\n<\/div>\n<a class=\"button cmsms_post_read_more\" href=\"https:\/\/zito.com.pl\/en\/przedluzone-terminy-przetargow-2\/\">Read More<span><\/span><\/a>\t\t<\/div>\r\n\t<\/div>\r\n<\/article>\r\n<!--_________________________ Finish Standard Article _________________________ -->\r\n\r\n\r\n<!--_________________________ Start Standard Article _________________________ -->\r\n\r\n<article id=\"post-3305\" class=\"cmsms_default_type post-3305 post type-post status-publish format-standard hentry category-tenders\">\r\n\t\t\r\n\t<div class=\"cmsms_post_format_img_likes\">\r\n\t\t<span class=\"cmsms_post_format_img  cmsms_theme_icon_pencil\"><\/span>\r\n\t\t\r\n\t\t<div class=\"cmsms_post_meta_info\">\r\n\t\t<a href=\"#\" onclick=\"cmsmsLike(3305); return false;\" id=\"cmsmsLike-3305\" class=\"cmsmsLike cmsms_theme_icon_like\"><span>1<\/span><\/a>\t\t<\/div>\r\n\t<\/div>\r\n\t\r\n\t<div class=\"cmsms_post_cont_wrap\">\r\n\t\t\t\t\r\n\t\t<div class=\"cmsms_post_cont\">\r\n\t\t\t<div class=\"cmsms_post_info\"><abbr class=\"published cmsms_post_date\" title=\"20 July 2016\">20 July 2016<\/abbr><abbr class=\"dn date updated\" title=\"21 October 2017\">21 October 2017<\/abbr><\/div><header class=\"cmsms_post_header entry-header\"><h1 class=\"cmsms_post_title entry-title\"><a href=\"https:\/\/zito.com.pl\/en\/przedluzone-terminy-przetargow\/\">Extended deadlines for tenders<\/a><\/h1><\/header><footer class=\"cmsms_post_footer entry-meta\"><div class=\"cmsms_post_cont_info\"><span class=\"cmsms_post_user_name\">By <a href=\"https:\/\/zito.com.pl\/en\/author\/daniel\/\" title=\"Posts by daniel\" class=\"vcard author\" rel=\"author\"><span class=\"fn\">daniel<\/span><\/a><\/span><span class=\"cmsms_post_category\">In <a href=\"https:\/\/zito.com.pl\/en\/category\/tenders\/\" rel=\"category tag\">Tenders<\/a><\/span><\/div><\/footer><div class=\"cmsms_post_content entry-content\">\n<p>We invite you to familiarize yourself with the extended deadlines for tenders. &#8211;notice ZO-05-06 wyd\u0142u\u017cona data -notice ZO-01-06 wyd\u0142u\u017cona data...<\/p>\n<\/div>\n<a class=\"button cmsms_post_read_more\" href=\"https:\/\/zito.com.pl\/en\/przedluzone-terminy-przetargow\/\">Read More<span><\/span><\/a>\t\t<\/div>\r\n\t<\/div>\r\n<\/article>\r\n<!--_________________________ Finish Standard Article _________________________ -->\r\n\r\n\r\n<!--_________________________ Start Standard Article _________________________ -->\r\n\r\n<article id=\"post-3308\" class=\"cmsms_default_type post-3308 post type-post status-publish format-standard has-post-thumbnail hentry category-tenders\">\r\n\t\t\r\n\t<div class=\"cmsms_post_format_img_likes\">\r\n\t\t<span class=\"cmsms_post_format_img  cmsms_theme_icon_pencil\"><\/span>\r\n\t\t\r\n\t\t<div class=\"cmsms_post_meta_info\">\r\n\t\t<a href=\"#\" onclick=\"cmsmsLike(3308); return false;\" id=\"cmsmsLike-3308\" class=\"cmsmsLike cmsms_theme_icon_like\"><span>6<\/span><\/a>\t\t<\/div>\r\n\t<\/div>\r\n\t\r\n\t<div class=\"cmsms_post_cont_wrap\">\r\n\t\t<figure><a href=\"https:\/\/zito.com.pl\/en\/przetarg-przygotowania\/\" title=\"Tenders in 2016\" class=\"cmsms_img_link\"><img width=\"600\" height=\"370\" src=\"https:\/\/zito.com.pl\/wp-content\/uploads\/2015\/09\/przetarg-600x370.jpg\" class=\" wp-post-image\" alt=\"Tenders in 2016\" loading=\"lazy\" title=\"Tenders in 2016\" \/><\/a><\/figure>\t\t\r\n\t\t<div class=\"cmsms_post_cont\">\r\n\t\t\t<div class=\"cmsms_post_info\"><abbr class=\"published cmsms_post_date\" title=\"21 June 2016\">21 June 2016<\/abbr><abbr class=\"dn date updated\" title=\"28 October 2017\">28 October 2017<\/abbr><\/div><header class=\"cmsms_post_header entry-header\"><h1 class=\"cmsms_post_title entry-title\"><a href=\"https:\/\/zito.com.pl\/en\/przetarg-przygotowania\/\">Tenders in 2016<\/a><\/h1><\/header><footer class=\"cmsms_post_footer entry-meta\"><div class=\"cmsms_post_cont_info\"><span class=\"cmsms_post_user_name\">By <a href=\"https:\/\/zito.com.pl\/en\/author\/daniel\/\" title=\"Posts by daniel\" class=\"vcard author\" rel=\"author\"><span class=\"fn\">daniel<\/span><\/a><\/span><span class=\"cmsms_post_category\">In <a href=\"https:\/\/zito.com.pl\/en\/category\/tenders\/\" rel=\"category tag\">Tenders<\/a><\/span><\/div><\/footer><div class=\"cmsms_post_content entry-content\">\n<p>&nbsp; We invite you to familiarize yourself with the tenders: zapytanie badania kliniczne zapytanie opracowanie dokumentacji zapytanie wtryskarka z 10...<\/p>\n<\/div>\n<a class=\"button cmsms_post_read_more\" href=\"https:\/\/zito.com.pl\/en\/przetarg-przygotowania\/\">Read more<span><\/span><\/a>\t\t<\/div>\r\n\t<\/div>\r\n<\/article>\r\n<!--_________________________ Finish Standard Article _________________________ -->\r\n\r\n<\/div><div class=\"cmsms_wrap_more_posts\"><\/div><\/div>\n<\/div>\n<\/div>\n<\/div>\n<\/div>\n<\/div>\n<\/div>\n\n","protected":false},"excerpt":{"rendered":"","protected":false},"author":1,"featured_media":0,"parent":0,"menu_order":0,"comment_status":"closed","ping_status":"closed","template":"","meta":[],"yoast_head":"<!-- This site is optimized with the Yoast SEO plugin v19.4 - https:\/\/yoast.com\/wordpress\/plugins\/seo\/ -->\n<title>Tenders &raquo; Zito - Doradztwo farmaceutyczne<\/title>\n<meta name=\"robots\" content=\"index, follow, max-snippet:-1, max-image-preview:large, max-video-preview:-1\" \/>\n<link rel=\"canonical\" href=\"https:\/\/zito.com.pl\/en\/tenders\/\" \/>\n<meta property=\"og:locale\" content=\"en_US\" \/>\n<meta property=\"og:type\" content=\"article\" \/>\n<meta property=\"og:title\" content=\"Tenders &raquo; Zito - Doradztwo farmaceutyczne\" \/>\n<meta property=\"og:url\" content=\"https:\/\/zito.com.pl\/en\/tenders\/\" \/>\n<meta property=\"og:site_name\" content=\"Zito - Doradztwo farmaceutyczne\" \/>\n<meta property=\"article:modified_time\" content=\"2017-10-20T09:16:12+00:00\" \/>\n<meta name=\"twitter:card\" content=\"summary\" \/>\n<meta name=\"twitter:label1\" content=\"Est. reading time\" \/>\n\t<meta name=\"twitter:data1\" content=\"1 minute\" \/>\n<script type=\"application\/ld+json\" class=\"yoast-schema-graph\">{\"@context\":\"https:\/\/schema.org\",\"@graph\":[{\"@type\":\"Organization\",\"@id\":\"https:\/\/zito.com.pl\/#organization\",\"name\":\"Zito S.J.\",\"url\":\"https:\/\/zito.com.pl\/\",\"sameAs\":[],\"logo\":{\"@type\":\"ImageObject\",\"inLanguage\":\"en-US\",\"@id\":\"https:\/\/zito.com.pl\/#\/schema\/logo\/image\/\",\"url\":\"https:\/\/zito.com.pl\/wp-content\/uploads\/2017\/07\/logo_zito_odstep2.png\",\"contentUrl\":\"https:\/\/zito.com.pl\/wp-content\/uploads\/2017\/07\/logo_zito_odstep2.png\",\"width\":1003,\"height\":304,\"caption\":\"Zito S.J.\"},\"image\":{\"@id\":\"https:\/\/zito.com.pl\/#\/schema\/logo\/image\/\"}},{\"@type\":\"WebSite\",\"@id\":\"https:\/\/zito.com.pl\/#website\",\"url\":\"https:\/\/zito.com.pl\/\",\"name\":\"Zito - Doradztwo farmaceutyczne\",\"description\":\"Pharmaceutical company dealing with technology development\",\"publisher\":{\"@id\":\"https:\/\/zito.com.pl\/#organization\"},\"potentialAction\":[{\"@type\":\"SearchAction\",\"target\":{\"@type\":\"EntryPoint\",\"urlTemplate\":\"https:\/\/zito.com.pl\/?s={search_term_string}\"},\"query-input\":\"required name=search_term_string\"}],\"inLanguage\":\"en-US\"},{\"@type\":\"WebPage\",\"@id\":\"https:\/\/zito.com.pl\/en\/tenders\/\",\"url\":\"https:\/\/zito.com.pl\/en\/tenders\/\",\"name\":\"Tenders &raquo; Zito - Doradztwo farmaceutyczne\",\"isPartOf\":{\"@id\":\"https:\/\/zito.com.pl\/#website\"},\"datePublished\":\"2015-09-15T12:44:51+00:00\",\"dateModified\":\"2017-10-20T09:16:12+00:00\",\"breadcrumb\":{\"@id\":\"https:\/\/zito.com.pl\/en\/tenders\/#breadcrumb\"},\"inLanguage\":\"en-US\",\"potentialAction\":[{\"@type\":\"ReadAction\",\"target\":[\"https:\/\/zito.com.pl\/en\/tenders\/\"]}]},{\"@type\":\"BreadcrumbList\",\"@id\":\"https:\/\/zito.com.pl\/en\/tenders\/#breadcrumb\",\"itemListElement\":[{\"@type\":\"ListItem\",\"position\":1,\"name\":\"Strona g\u0142\u00f3wna\",\"item\":\"https:\/\/zito.com.pl\/en\/\"},{\"@type\":\"ListItem\",\"position\":2,\"name\":\"Tenders\"}]}]}<\/script>\n<!-- \/ Yoast SEO plugin. -->","yoast_head_json":{"title":"Tenders &raquo; Zito - Doradztwo farmaceutyczne","robots":{"index":"index","follow":"follow","max-snippet":"max-snippet:-1","max-image-preview":"max-image-preview:large","max-video-preview":"max-video-preview:-1"},"canonical":"https:\/\/zito.com.pl\/en\/tenders\/","og_locale":"en_US","og_type":"article","og_title":"Tenders &raquo; Zito - Doradztwo farmaceutyczne","og_url":"https:\/\/zito.com.pl\/en\/tenders\/","og_site_name":"Zito - Doradztwo farmaceutyczne","article_modified_time":"2017-10-20T09:16:12+00:00","twitter_card":"summary","twitter_misc":{"Est. reading time":"1 minute"},"schema":{"@context":"https:\/\/schema.org","@graph":[{"@type":"Organization","@id":"https:\/\/zito.com.pl\/#organization","name":"Zito S.J.","url":"https:\/\/zito.com.pl\/","sameAs":[],"logo":{"@type":"ImageObject","inLanguage":"en-US","@id":"https:\/\/zito.com.pl\/#\/schema\/logo\/image\/","url":"https:\/\/zito.com.pl\/wp-content\/uploads\/2017\/07\/logo_zito_odstep2.png","contentUrl":"https:\/\/zito.com.pl\/wp-content\/uploads\/2017\/07\/logo_zito_odstep2.png","width":1003,"height":304,"caption":"Zito S.J."},"image":{"@id":"https:\/\/zito.com.pl\/#\/schema\/logo\/image\/"}},{"@type":"WebSite","@id":"https:\/\/zito.com.pl\/#website","url":"https:\/\/zito.com.pl\/","name":"Zito - Doradztwo farmaceutyczne","description":"Pharmaceutical company dealing with technology development","publisher":{"@id":"https:\/\/zito.com.pl\/#organization"},"potentialAction":[{"@type":"SearchAction","target":{"@type":"EntryPoint","urlTemplate":"https:\/\/zito.com.pl\/?s={search_term_string}"},"query-input":"required name=search_term_string"}],"inLanguage":"en-US"},{"@type":"WebPage","@id":"https:\/\/zito.com.pl\/en\/tenders\/","url":"https:\/\/zito.com.pl\/en\/tenders\/","name":"Tenders &raquo; Zito - Doradztwo farmaceutyczne","isPartOf":{"@id":"https:\/\/zito.com.pl\/#website"},"datePublished":"2015-09-15T12:44:51+00:00","dateModified":"2017-10-20T09:16:12+00:00","breadcrumb":{"@id":"https:\/\/zito.com.pl\/en\/tenders\/#breadcrumb"},"inLanguage":"en-US","potentialAction":[{"@type":"ReadAction","target":["https:\/\/zito.com.pl\/en\/tenders\/"]}]},{"@type":"BreadcrumbList","@id":"https:\/\/zito.com.pl\/en\/tenders\/#breadcrumb","itemListElement":[{"@type":"ListItem","position":1,"name":"Strona g\u0142\u00f3wna","item":"https:\/\/zito.com.pl\/en\/"},{"@type":"ListItem","position":2,"name":"Tenders"}]}]}},"_links":{"self":[{"href":"https:\/\/zito.com.pl\/en\/wp-json\/wp\/v2\/pages\/3252"}],"collection":[{"href":"https:\/\/zito.com.pl\/en\/wp-json\/wp\/v2\/pages"}],"about":[{"href":"https:\/\/zito.com.pl\/en\/wp-json\/wp\/v2\/types\/page"}],"author":[{"embeddable":true,"href":"https:\/\/zito.com.pl\/en\/wp-json\/wp\/v2\/users\/1"}],"replies":[{"embeddable":true,"href":"https:\/\/zito.com.pl\/en\/wp-json\/wp\/v2\/comments?post=3252"}],"version-history":[{"count":3,"href":"https:\/\/zito.com.pl\/en\/wp-json\/wp\/v2\/pages\/3252\/revisions"}],"predecessor-version":[{"id":3300,"href":"https:\/\/zito.com.pl\/en\/wp-json\/wp\/v2\/pages\/3252\/revisions\/3300"}],"wp:attachment":[{"href":"https:\/\/zito.com.pl\/en\/wp-json\/wp\/v2\/media?parent=3252"}],"curies":[{"name":"wp","href":"https:\/\/api.w.org\/{rel}","templated":true}]}}