{"id":3274,"date":"2015-09-23T15:27:04","date_gmt":"2015-09-23T13:27:04","guid":{"rendered":"http:\/\/zito.com.pl\/pelne-dane-kontaktowe\/"},"modified":"2019-08-09T20:26:53","modified_gmt":"2019-08-09T18:26:53","slug":"full-contact-details","status":"publish","type":"page","link":"https:\/\/zito.com.pl\/en\/full-contact-details\/","title":{"rendered":"Full Contact Details"},"content":{"rendered":"<style type=\"text\/css\"><\/style><figure id=\"attachment_2974\" aria-describedby=\"caption-attachment-2974\" style=\"width: 600px\" class=\"wp-caption alignnone\"><a href=\"http:\/\/zito.com.pl\/wp-content\/uploads\/2015\/09\/tumblr_npaco3eYqM1ted1sho1_1280.jpg\"><img loading=\"lazy\" class=\"wp-image-2974 size-medium\" src=\"http:\/\/zito.com.pl\/wp-content\/uploads\/2015\/09\/tumblr_npaco3eYqM1ted1sho1_1280-600x400.jpg\" alt=\"zito sc kontakt\" width=\"600\" height=\"400\" srcset=\"https:\/\/zito.com.pl\/wp-content\/uploads\/2015\/09\/tumblr_npaco3eYqM1ted1sho1_1280-600x400.jpg 600w, https:\/\/zito.com.pl\/wp-content\/uploads\/2015\/09\/tumblr_npaco3eYqM1ted1sho1_1280-580x387.jpg 580w, https:\/\/zito.com.pl\/wp-content\/uploads\/2015\/09\/tumblr_npaco3eYqM1ted1sho1_1280-820x546.jpg 820w, https:\/\/zito.com.pl\/wp-content\/uploads\/2015\/09\/tumblr_npaco3eYqM1ted1sho1_1280-1160x773.jpg 1160w, https:\/\/zito.com.pl\/wp-content\/uploads\/2015\/09\/tumblr_npaco3eYqM1ted1sho1_1280.jpg 1280w\" sizes=\"(max-width: 600px) 100vw, 600px\" \/><\/a><figcaption id=\"caption-attachment-2974\" class=\"wp-caption-text\">Zito &#8211; Full Contact Details<\/figcaption><\/figure>\n<p>&nbsp;<\/p>\n<table border=\"1\" width=\"461\">\n<tbody>\n<tr>\n<td width=\"230\">Contact<\/td>\n<td width=\"230\"><a href=\"mailto:zitofarma@gmail.com\">zitofarma@gmail.com<\/a><\/p>\n<p>+48 501\u00a0227 598<\/td>\n<\/tr>\n<tr>\n<td width=\"230\">Laboratory address<\/td>\n<td width=\"230\">12-100 Szczytno, ul \u00a0Polna 1<\/td>\n<\/tr>\n<tr>\n<td width=\"230\">Headquarters address<\/td>\n<td width=\"230\">ul. Towarowa 20B, 10-417 Olsztyn<\/td>\n<\/tr>\n<tr>\n<td width=\"230\"><\/td>\n<td width=\"230\"><\/td>\n<\/tr>\n<tr>\n<td width=\"230\"><\/td>\n<td width=\"230\"><\/td>\n<\/tr>\n<tr>\n<td width=\"230\">Name<\/td>\n<td width=\"230\">ZITO CHUDY I WSP\u00d3LNIK SP\u00d3\u0141KA JAWNA<\/td>\n<\/tr>\n<tr>\n<td width=\"230\">REGON<\/td>\n<td width=\"230\">146102440<\/td>\n<\/tr>\n<tr>\n<td width=\"230\">NIP<\/td>\n<td width=\"230\">1251615886<\/td>\n<\/tr>\n<tr>\n<td width=\"230\">KRS<\/td>\n<td width=\"230\">KRS: 0000546730<\/td>\n<\/tr>\n<tr>\n<td width=\"230\">Main business PKD:<\/td>\n<td width=\"230\">21, 20, Z, MANUFACTURE OF MEDICINES AND OTHER<br \/>\nPHARMACEUTICAL PRODUCTS<\/td>\n<\/tr>\n<tr>\n<td width=\"230\">Legal form:<\/td>\n<td width=\"230\">general partnership<\/td>\n<\/tr>\n<tr>\n<td width=\"230\">Form of property:<\/td>\n<td width=\"230\">ownership of domestic natural persons<\/td>\n<\/tr>\n<tr>\n<td width=\"230\">Status of Entrepreneur:<\/td>\n<td width=\"230\">(incomplete) Legal person<\/td>\n<\/tr>\n<tr>\n<td width=\"230\"><span id=\"result_box\" class=\"short_text\" lang=\"en\"><span class=\"\">Tenders :<\/span><\/span><\/td>\n<td width=\"230\"><a href=\"http:\/\/zito.com.pl\/en\/tenders\/\">Go to tenders<\/a><\/td>\n<\/tr>\n<tr>\n<td width=\"230\">The results of our work:<\/td>\n<td width=\"230\">We are in the process of three projects from 1.1.1. with NCBiR. The results of these works will be announced after their completion.<\/td>\n<\/tr>\n<\/tbody>\n<\/table>\n<p>&nbsp;<\/p>\n","protected":false},"excerpt":{"rendered":"<p>&nbsp; Contact zitofarma@gmail.com +48 501\u00a0227 598 Laboratory address 12-100 Szczytno, ul \u00a0Polna 1 Headquarters address ul. Towarowa 20B, 10-417 Olsztyn Name ZITO CHUDY I WSP\u00d3LNIK SP\u00d3\u0141KA JAWNA REGON 146102440 NIP 1251615886 KRS KRS: 0000546730 Main business PKD: 21, 20, Z, MANUFACTURE OF MEDICINES AND OTHER PHARMACEUTICAL PRODUCTS Legal form: general partnership Form of property: ownership&#8230;<\/p>\n","protected":false},"author":1,"featured_media":0,"parent":0,"menu_order":0,"comment_status":"closed","ping_status":"closed","template":"","meta":[],"yoast_head":"<!-- This site is optimized with the Yoast SEO plugin v19.4 - https:\/\/yoast.com\/wordpress\/plugins\/seo\/ -->\n<title>Full Contact Details &raquo; Zito - Doradztwo farmaceutyczne<\/title>\n<meta name=\"robots\" content=\"index, follow, max-snippet:-1, max-image-preview:large, max-video-preview:-1\" \/>\n<link rel=\"canonical\" href=\"https:\/\/zito.com.pl\/en\/full-contact-details\/\" \/>\n<meta property=\"og:locale\" content=\"en_US\" \/>\n<meta property=\"og:type\" content=\"article\" \/>\n<meta property=\"og:title\" content=\"Full Contact Details &raquo; Zito - Doradztwo farmaceutyczne\" \/>\n<meta property=\"og:description\" content=\"&nbsp; Contact zitofarma@gmail.com +48 501\u00a0227 598 Laboratory address 12-100 Szczytno, ul \u00a0Polna 1 Headquarters address ul. Towarowa 20B, 10-417 Olsztyn Name ZITO CHUDY I WSP\u00d3LNIK SP\u00d3\u0141KA JAWNA REGON 146102440 NIP 1251615886 KRS KRS: 0000546730 Main business PKD: 21, 20, Z, MANUFACTURE OF MEDICINES AND OTHER PHARMACEUTICAL PRODUCTS Legal form: general partnership Form of property: ownership...\" \/>\n<meta property=\"og:url\" content=\"https:\/\/zito.com.pl\/en\/full-contact-details\/\" \/>\n<meta property=\"og:site_name\" content=\"Zito - Doradztwo farmaceutyczne\" \/>\n<meta property=\"article:modified_time\" content=\"2019-08-09T18:26:53+00:00\" \/>\n<meta property=\"og:image\" content=\"http:\/\/zito.com.pl\/wp-content\/uploads\/2015\/09\/tumblr_npaco3eYqM1ted1sho1_1280-600x400.jpg\" \/>\n<meta name=\"twitter:card\" content=\"summary\" \/>\n<meta name=\"twitter:label1\" content=\"Est. reading time\" \/>\n\t<meta name=\"twitter:data1\" content=\"1 minute\" \/>\n<script type=\"application\/ld+json\" class=\"yoast-schema-graph\">{\"@context\":\"https:\/\/schema.org\",\"@graph\":[{\"@type\":\"Organization\",\"@id\":\"https:\/\/zito.com.pl\/#organization\",\"name\":\"Zito S.J.\",\"url\":\"https:\/\/zito.com.pl\/\",\"sameAs\":[],\"logo\":{\"@type\":\"ImageObject\",\"inLanguage\":\"en-US\",\"@id\":\"https:\/\/zito.com.pl\/#\/schema\/logo\/image\/\",\"url\":\"https:\/\/zito.com.pl\/wp-content\/uploads\/2017\/07\/logo_zito_odstep2.png\",\"contentUrl\":\"https:\/\/zito.com.pl\/wp-content\/uploads\/2017\/07\/logo_zito_odstep2.png\",\"width\":1003,\"height\":304,\"caption\":\"Zito S.J.\"},\"image\":{\"@id\":\"https:\/\/zito.com.pl\/#\/schema\/logo\/image\/\"}},{\"@type\":\"WebSite\",\"@id\":\"https:\/\/zito.com.pl\/#website\",\"url\":\"https:\/\/zito.com.pl\/\",\"name\":\"Zito - Doradztwo farmaceutyczne\",\"description\":\"Pharmaceutical company dealing with technology development\",\"publisher\":{\"@id\":\"https:\/\/zito.com.pl\/#organization\"},\"potentialAction\":[{\"@type\":\"SearchAction\",\"target\":{\"@type\":\"EntryPoint\",\"urlTemplate\":\"https:\/\/zito.com.pl\/?s={search_term_string}\"},\"query-input\":\"required name=search_term_string\"}],\"inLanguage\":\"en-US\"},{\"@type\":\"WebPage\",\"@id\":\"https:\/\/zito.com.pl\/en\/full-contact-details\/\",\"url\":\"https:\/\/zito.com.pl\/en\/full-contact-details\/\",\"name\":\"Full Contact Details &raquo; Zito - Doradztwo farmaceutyczne\",\"isPartOf\":{\"@id\":\"https:\/\/zito.com.pl\/#website\"},\"datePublished\":\"2015-09-23T13:27:04+00:00\",\"dateModified\":\"2019-08-09T18:26:53+00:00\",\"breadcrumb\":{\"@id\":\"https:\/\/zito.com.pl\/en\/full-contact-details\/#breadcrumb\"},\"inLanguage\":\"en-US\",\"potentialAction\":[{\"@type\":\"ReadAction\",\"target\":[\"https:\/\/zito.com.pl\/en\/full-contact-details\/\"]}]},{\"@type\":\"BreadcrumbList\",\"@id\":\"https:\/\/zito.com.pl\/en\/full-contact-details\/#breadcrumb\",\"itemListElement\":[{\"@type\":\"ListItem\",\"position\":1,\"name\":\"Strona g\u0142\u00f3wna\",\"item\":\"https:\/\/zito.com.pl\/en\/\"},{\"@type\":\"ListItem\",\"position\":2,\"name\":\"Full Contact Details\"}]}]}<\/script>\n<!-- \/ Yoast SEO plugin. -->","yoast_head_json":{"title":"Full Contact Details &raquo; Zito - Doradztwo farmaceutyczne","robots":{"index":"index","follow":"follow","max-snippet":"max-snippet:-1","max-image-preview":"max-image-preview:large","max-video-preview":"max-video-preview:-1"},"canonical":"https:\/\/zito.com.pl\/en\/full-contact-details\/","og_locale":"en_US","og_type":"article","og_title":"Full Contact Details &raquo; Zito - Doradztwo farmaceutyczne","og_description":"&nbsp; Contact zitofarma@gmail.com +48 501\u00a0227 598 Laboratory address 12-100 Szczytno, ul \u00a0Polna 1 Headquarters address ul. Towarowa 20B, 10-417 Olsztyn Name ZITO CHUDY I WSP\u00d3LNIK SP\u00d3\u0141KA JAWNA REGON 146102440 NIP 1251615886 KRS KRS: 0000546730 Main business PKD: 21, 20, Z, MANUFACTURE OF MEDICINES AND OTHER PHARMACEUTICAL PRODUCTS Legal form: general partnership Form of property: ownership...","og_url":"https:\/\/zito.com.pl\/en\/full-contact-details\/","og_site_name":"Zito - Doradztwo farmaceutyczne","article_modified_time":"2019-08-09T18:26:53+00:00","og_image":[{"url":"http:\/\/zito.com.pl\/wp-content\/uploads\/2015\/09\/tumblr_npaco3eYqM1ted1sho1_1280-600x400.jpg"}],"twitter_card":"summary","twitter_misc":{"Est. reading time":"1 minute"},"schema":{"@context":"https:\/\/schema.org","@graph":[{"@type":"Organization","@id":"https:\/\/zito.com.pl\/#organization","name":"Zito S.J.","url":"https:\/\/zito.com.pl\/","sameAs":[],"logo":{"@type":"ImageObject","inLanguage":"en-US","@id":"https:\/\/zito.com.pl\/#\/schema\/logo\/image\/","url":"https:\/\/zito.com.pl\/wp-content\/uploads\/2017\/07\/logo_zito_odstep2.png","contentUrl":"https:\/\/zito.com.pl\/wp-content\/uploads\/2017\/07\/logo_zito_odstep2.png","width":1003,"height":304,"caption":"Zito S.J."},"image":{"@id":"https:\/\/zito.com.pl\/#\/schema\/logo\/image\/"}},{"@type":"WebSite","@id":"https:\/\/zito.com.pl\/#website","url":"https:\/\/zito.com.pl\/","name":"Zito - Doradztwo farmaceutyczne","description":"Pharmaceutical company dealing with technology development","publisher":{"@id":"https:\/\/zito.com.pl\/#organization"},"potentialAction":[{"@type":"SearchAction","target":{"@type":"EntryPoint","urlTemplate":"https:\/\/zito.com.pl\/?s={search_term_string}"},"query-input":"required name=search_term_string"}],"inLanguage":"en-US"},{"@type":"WebPage","@id":"https:\/\/zito.com.pl\/en\/full-contact-details\/","url":"https:\/\/zito.com.pl\/en\/full-contact-details\/","name":"Full Contact Details &raquo; Zito - Doradztwo farmaceutyczne","isPartOf":{"@id":"https:\/\/zito.com.pl\/#website"},"datePublished":"2015-09-23T13:27:04+00:00","dateModified":"2019-08-09T18:26:53+00:00","breadcrumb":{"@id":"https:\/\/zito.com.pl\/en\/full-contact-details\/#breadcrumb"},"inLanguage":"en-US","potentialAction":[{"@type":"ReadAction","target":["https:\/\/zito.com.pl\/en\/full-contact-details\/"]}]},{"@type":"BreadcrumbList","@id":"https:\/\/zito.com.pl\/en\/full-contact-details\/#breadcrumb","itemListElement":[{"@type":"ListItem","position":1,"name":"Strona g\u0142\u00f3wna","item":"https:\/\/zito.com.pl\/en\/"},{"@type":"ListItem","position":2,"name":"Full Contact Details"}]}]}},"_links":{"self":[{"href":"https:\/\/zito.com.pl\/en\/wp-json\/wp\/v2\/pages\/3274"}],"collection":[{"href":"https:\/\/zito.com.pl\/en\/wp-json\/wp\/v2\/pages"}],"about":[{"href":"https:\/\/zito.com.pl\/en\/wp-json\/wp\/v2\/types\/page"}],"author":[{"embeddable":true,"href":"https:\/\/zito.com.pl\/en\/wp-json\/wp\/v2\/users\/1"}],"replies":[{"embeddable":true,"href":"https:\/\/zito.com.pl\/en\/wp-json\/wp\/v2\/comments?post=3274"}],"version-history":[{"count":5,"href":"https:\/\/zito.com.pl\/en\/wp-json\/wp\/v2\/pages\/3274\/revisions"}],"predecessor-version":[{"id":3444,"href":"https:\/\/zito.com.pl\/en\/wp-json\/wp\/v2\/pages\/3274\/revisions\/3444"}],"wp:attachment":[{"href":"https:\/\/zito.com.pl\/en\/wp-json\/wp\/v2\/media?parent=3274"}],"curies":[{"name":"wp","href":"https:\/\/api.w.org\/{rel}","templated":true}]}}